{"id":50,"date":"2025-11-29T19:08:52","date_gmt":"2025-11-29T18:08:52","guid":{"rendered":"https:\/\/garoma-renovation.fr\/wordpress\/?page_id=50"},"modified":"2025-11-29T19:08:53","modified_gmt":"2025-11-29T18:08:53","slug":"isolation-rge","status":"publish","type":"page","link":"https:\/\/garoma-renovation.fr\/wordpress\/?page_id=50","title":{"rendered":"Isolation &#8211; RGE"},"content":{"rendered":"","protected":false},"excerpt":{"rendered":"","protected":false},"author":1,"featured_media":0,"parent":0,"menu_order":0,"comment_status":"closed","ping_status":"closed","template":"","meta":{"site-sidebar-layout":"default","site-content-layout":"","ast-site-content-layout":"default","site-content-style":"default","site-sidebar-style":"default","ast-global-header-display":"","ast-banner-title-visibility":"","ast-main-header-display":"","ast-hfb-above-header-display":"","ast-hfb-below-header-display":"","ast-hfb-mobile-header-display":"","site-post-title":"","ast-breadcrumbs-content":"","ast-featured-img":"","footer-sml-layout":"","ast-disable-related-posts":"","theme-transparent-header-meta":"","adv-header-id-meta":"","stick-header-meta":"","header-above-stick-meta":"","header-main-stick-meta":"","header-below-stick-meta":"","astra-migrate-meta-layouts":"default","ast-page-background-enabled":"default","ast-page-background-meta":{"desktop":{"background-color":"var(--ast-global-color-5)","background-image":"","background-repeat":"repeat","background-position":"center center","background-size":"auto","background-attachment":"scroll","background-type":"","background-media":"","overlay-type":"","overlay-color":"","overlay-opacity":"","overlay-gradient":""},"tablet":{"background-color":"","background-image":"","background-repeat":"repeat","background-position":"center center","background-size":"auto","background-attachment":"scroll","background-type":"","background-media":"","overlay-type":"","overlay-color":"","overlay-opacity":"","overlay-gradient":""},"mobile":{"background-color":"","background-image":"","background-repeat":"repeat","background-position":"center center","background-size":"auto","background-attachment":"scroll","background-type":"","background-media":"","overlay-type":"","overlay-color":"","overlay-opacity":"","overlay-gradient":""}},"ast-content-background-meta":{"desktop":{"background-color":"var(--ast-global-color-4)","background-image":"","background-repeat":"repeat","background-position":"center center","background-size":"auto","background-attachment":"scroll","background-type":"","background-media":"","overlay-type":"","overlay-color":"","overlay-opacity":"","overlay-gradient":""},"tablet":{"background-color":"var(--ast-global-color-4)","background-image":"","background-repeat":"repeat","background-position":"center center","background-size":"auto","background-attachment":"scroll","background-type":"","background-media":"","overlay-type":"","overlay-color":"","overlay-opacity":"","overlay-gradient":""},"mobile":{"background-color":"var(--ast-global-color-4)","background-image":"","background-repeat":"repeat","background-position":"center center","background-size":"auto","background-attachment":"scroll","background-type":"","background-media":"","overlay-type":"","overlay-color":"","overlay-opacity":"","overlay-gradient":""}},"footnotes":""},"class_list":["post-50","page","type-page","status-publish","hentry"],"yoast_head":"<!-- This site is optimized with the Yoast SEO plugin v27.3 - https:\/\/yoast.com\/product\/yoast-seo-wordpress\/ -->\n<title>Isolation - RGE - Garoma R\u00e9novation<\/title>\n<meta name=\"robots\" content=\"index, follow, max-snippet:-1, max-image-preview:large, max-video-preview:-1\" \/>\n<link rel=\"canonical\" href=\"https:\/\/garoma-renovation.fr\/wordpress\/?page_id=50\" \/>\n<meta property=\"og:locale\" content=\"fr_FR\" \/>\n<meta property=\"og:type\" content=\"article\" \/>\n<meta property=\"og:title\" content=\"Isolation - RGE - Garoma R\u00e9novation\" \/>\n<meta property=\"og:url\" content=\"https:\/\/garoma-renovation.fr\/wordpress\/?page_id=50\" \/>\n<meta property=\"og:site_name\" content=\"Garoma R\u00e9novation\" \/>\n<meta property=\"article:publisher\" content=\"https:\/\/www.facebook.com\/garoma.renov\/\" \/>\n<meta property=\"article:modified_time\" content=\"2025-11-29T18:08:53+00:00\" \/>\n<meta name=\"twitter:card\" content=\"summary_large_image\" \/>\n<script type=\"application\/ld+json\" class=\"yoast-schema-graph\">{\"@context\":\"https:\\\/\\\/schema.org\",\"@graph\":[{\"@type\":\"WebPage\",\"@id\":\"https:\\\/\\\/garoma-renovation.fr\\\/wordpress\\\/?page_id=50\",\"url\":\"https:\\\/\\\/garoma-renovation.fr\\\/wordpress\\\/?page_id=50\",\"name\":\"Isolation - RGE - Garoma R\u00e9novation\",\"isPartOf\":{\"@id\":\"https:\\\/\\\/garoma-renovation.fr\\\/wordpress\\\/#website\"},\"datePublished\":\"2025-11-29T18:08:52+00:00\",\"dateModified\":\"2025-11-29T18:08:53+00:00\",\"breadcrumb\":{\"@id\":\"https:\\\/\\\/garoma-renovation.fr\\\/wordpress\\\/?page_id=50#breadcrumb\"},\"inLanguage\":\"fr-FR\",\"potentialAction\":[{\"@type\":\"ReadAction\",\"target\":[\"https:\\\/\\\/garoma-renovation.fr\\\/wordpress\\\/?page_id=50\"]}]},{\"@type\":\"BreadcrumbList\",\"@id\":\"https:\\\/\\\/garoma-renovation.fr\\\/wordpress\\\/?page_id=50#breadcrumb\",\"itemListElement\":[{\"@type\":\"ListItem\",\"position\":1,\"name\":\"Accueil\",\"item\":\"https:\\\/\\\/garoma-renovation.fr\\\/wordpress\"},{\"@type\":\"ListItem\",\"position\":2,\"name\":\"Isolation &#8211; RGE\"}]},{\"@type\":\"WebSite\",\"@id\":\"https:\\\/\\\/garoma-renovation.fr\\\/wordpress\\\/#website\",\"url\":\"https:\\\/\\\/garoma-renovation.fr\\\/wordpress\\\/\",\"name\":\"Garoma R\u00e9novation\",\"description\":\"L&#039;\u00e9co-r\u00e9novateur de vos int\u00e9rieurs !\",\"publisher\":{\"@id\":\"https:\\\/\\\/garoma-renovation.fr\\\/wordpress\\\/#organization\"},\"potentialAction\":[{\"@type\":\"SearchAction\",\"target\":{\"@type\":\"EntryPoint\",\"urlTemplate\":\"https:\\\/\\\/garoma-renovation.fr\\\/wordpress\\\/?s={search_term_string}\"},\"query-input\":{\"@type\":\"PropertyValueSpecification\",\"valueRequired\":true,\"valueName\":\"search_term_string\"}}],\"inLanguage\":\"fr-FR\"},{\"@type\":\"Organization\",\"@id\":\"https:\\\/\\\/garoma-renovation.fr\\\/wordpress\\\/#organization\",\"name\":\"Garoma R\u00e9novation\",\"url\":\"https:\\\/\\\/garoma-renovation.fr\\\/wordpress\\\/\",\"logo\":{\"@type\":\"ImageObject\",\"inLanguage\":\"fr-FR\",\"@id\":\"https:\\\/\\\/garoma-renovation.fr\\\/wordpress\\\/#\\\/schema\\\/logo\\\/image\\\/\",\"url\":\"https:\\\/\\\/garoma-renovation.fr\\\/wordpress\\\/wp-content\\\/uploads\\\/2025\\\/11\\\/GAROMA-RENOVATION-G-seul-3D.png\",\"contentUrl\":\"https:\\\/\\\/garoma-renovation.fr\\\/wordpress\\\/wp-content\\\/uploads\\\/2025\\\/11\\\/GAROMA-RENOVATION-G-seul-3D.png\",\"width\":2480,\"height\":2480,\"caption\":\"Garoma R\u00e9novation\"},\"image\":{\"@id\":\"https:\\\/\\\/garoma-renovation.fr\\\/wordpress\\\/#\\\/schema\\\/logo\\\/image\\\/\"},\"sameAs\":[\"https:\\\/\\\/www.facebook.com\\\/garoma.renov\\\/\",\"https:\\\/\\\/www.instagram.com\\\/garoma.renovation\\\/\",\"https:\\\/\\\/www.linkedin.com\\\/company\\\/18948295\\\/\"]}]}<\/script>\n<!-- \/ Yoast SEO plugin. -->","yoast_head_json":{"title":"Isolation - RGE - Garoma R\u00e9novation","robots":{"index":"index","follow":"follow","max-snippet":"max-snippet:-1","max-image-preview":"max-image-preview:large","max-video-preview":"max-video-preview:-1"},"canonical":"https:\/\/garoma-renovation.fr\/wordpress\/?page_id=50","og_locale":"fr_FR","og_type":"article","og_title":"Isolation - RGE - Garoma R\u00e9novation","og_url":"https:\/\/garoma-renovation.fr\/wordpress\/?page_id=50","og_site_name":"Garoma R\u00e9novation","article_publisher":"https:\/\/www.facebook.com\/garoma.renov\/","article_modified_time":"2025-11-29T18:08:53+00:00","twitter_card":"summary_large_image","schema":{"@context":"https:\/\/schema.org","@graph":[{"@type":"WebPage","@id":"https:\/\/garoma-renovation.fr\/wordpress\/?page_id=50","url":"https:\/\/garoma-renovation.fr\/wordpress\/?page_id=50","name":"Isolation - RGE - Garoma R\u00e9novation","isPartOf":{"@id":"https:\/\/garoma-renovation.fr\/wordpress\/#website"},"datePublished":"2025-11-29T18:08:52+00:00","dateModified":"2025-11-29T18:08:53+00:00","breadcrumb":{"@id":"https:\/\/garoma-renovation.fr\/wordpress\/?page_id=50#breadcrumb"},"inLanguage":"fr-FR","potentialAction":[{"@type":"ReadAction","target":["https:\/\/garoma-renovation.fr\/wordpress\/?page_id=50"]}]},{"@type":"BreadcrumbList","@id":"https:\/\/garoma-renovation.fr\/wordpress\/?page_id=50#breadcrumb","itemListElement":[{"@type":"ListItem","position":1,"name":"Accueil","item":"https:\/\/garoma-renovation.fr\/wordpress"},{"@type":"ListItem","position":2,"name":"Isolation &#8211; RGE"}]},{"@type":"WebSite","@id":"https:\/\/garoma-renovation.fr\/wordpress\/#website","url":"https:\/\/garoma-renovation.fr\/wordpress\/","name":"Garoma R\u00e9novation","description":"L&#039;\u00e9co-r\u00e9novateur de vos int\u00e9rieurs !","publisher":{"@id":"https:\/\/garoma-renovation.fr\/wordpress\/#organization"},"potentialAction":[{"@type":"SearchAction","target":{"@type":"EntryPoint","urlTemplate":"https:\/\/garoma-renovation.fr\/wordpress\/?s={search_term_string}"},"query-input":{"@type":"PropertyValueSpecification","valueRequired":true,"valueName":"search_term_string"}}],"inLanguage":"fr-FR"},{"@type":"Organization","@id":"https:\/\/garoma-renovation.fr\/wordpress\/#organization","name":"Garoma R\u00e9novation","url":"https:\/\/garoma-renovation.fr\/wordpress\/","logo":{"@type":"ImageObject","inLanguage":"fr-FR","@id":"https:\/\/garoma-renovation.fr\/wordpress\/#\/schema\/logo\/image\/","url":"https:\/\/garoma-renovation.fr\/wordpress\/wp-content\/uploads\/2025\/11\/GAROMA-RENOVATION-G-seul-3D.png","contentUrl":"https:\/\/garoma-renovation.fr\/wordpress\/wp-content\/uploads\/2025\/11\/GAROMA-RENOVATION-G-seul-3D.png","width":2480,"height":2480,"caption":"Garoma R\u00e9novation"},"image":{"@id":"https:\/\/garoma-renovation.fr\/wordpress\/#\/schema\/logo\/image\/"},"sameAs":["https:\/\/www.facebook.com\/garoma.renov\/","https:\/\/www.instagram.com\/garoma.renovation\/","https:\/\/www.linkedin.com\/company\/18948295\/"]}]}},"_links":{"self":[{"href":"https:\/\/garoma-renovation.fr\/wordpress\/index.php?rest_route=\/wp\/v2\/pages\/50","targetHints":{"allow":["GET"]}}],"collection":[{"href":"https:\/\/garoma-renovation.fr\/wordpress\/index.php?rest_route=\/wp\/v2\/pages"}],"about":[{"href":"https:\/\/garoma-renovation.fr\/wordpress\/index.php?rest_route=\/wp\/v2\/types\/page"}],"author":[{"embeddable":true,"href":"https:\/\/garoma-renovation.fr\/wordpress\/index.php?rest_route=\/wp\/v2\/users\/1"}],"replies":[{"embeddable":true,"href":"https:\/\/garoma-renovation.fr\/wordpress\/index.php?rest_route=%2Fwp%2Fv2%2Fcomments&post=50"}],"version-history":[{"count":1,"href":"https:\/\/garoma-renovation.fr\/wordpress\/index.php?rest_route=\/wp\/v2\/pages\/50\/revisions"}],"predecessor-version":[{"id":51,"href":"https:\/\/garoma-renovation.fr\/wordpress\/index.php?rest_route=\/wp\/v2\/pages\/50\/revisions\/51"}],"wp:attachment":[{"href":"https:\/\/garoma-renovation.fr\/wordpress\/index.php?rest_route=%2Fwp%2Fv2%2Fmedia&parent=50"}],"curies":[{"name":"wp","href":"https:\/\/api.w.org\/{rel}","templated":true}]}}